{"id":783,"date":"2025-07-12T08:51:24","date_gmt":"2025-07-12T08:51:24","guid":{"rendered":"https:\/\/wirestraits.com\/politika-privatnosti\/"},"modified":"2025-07-12T08:51:24","modified_gmt":"2025-07-12T08:51:24","slug":"politika-privatnosti","status":"publish","type":"page","link":"https:\/\/wirestraits.com\/hr\/politika-privatnosti\/","title":{"rendered":"Politika privatnosti"},"content":{"rendered":"<p><strong>PODACI KOJE PRIKUPLJAMO<\/strong><br \/>\nPristup internetskoj stranici www.wirestraits.com besplatan je i nije potrebna registracija. Svoje podatke ispunjavate kontaktiraju\u0107i nas putem kontakt obrazaca ili e-maila. Ove informacije dostupne su isklju\u010divo na www.wirestraits.com u svrhu rje\u0161avanja bilo koje vrste va\u0161eg zahtjeva. Davanje va\u0161ih osobnih\/privatnih podataka je dobrovoljno. Ne obra\u0111ujemo vi\u0161e osobnih podataka nego \u0161to je stvarno potrebno kako bismo odgovorili na va\u0161 upit.<\/p>\n<p><strong>ZA\u0160TITA VA\u0160IH OSOBNIH PODATAKA<\/strong><br \/>\nWeb stranica www.wirestraits.com po\u0161tuje va\u0161u privatnost i obra\u0111uje va\u0161e osobne podatke po\u0161teno i u skladu sa pozitivnim zakonima u Republici Hrvatskoj. Va\u0161e osobne podatke pohranjujemo u elektroni\u010dkom obliku te u svrhu za\u0161tite istih primjenjujemo odgovaraju\u0107e tehni\u010dke i organizacijske mjere kako bismo sprije\u010dili neovla\u0161ten pristup osobnim podacima.<\/p>\n<p><strong>KOLA\u010cI\u0106I<\/strong><br \/>\nWeb stranica www.wirestraits.com koristi takozvane kola\u010di\u0107e kako bi korisniku pru\u017eila uslugu s punom funkcionalno\u0161\u0107u i najkvalitetnijim sadr\u017eajem. Kola\u010di\u0107i su skup podataka koje generira internetski poslu\u017eitelj i koje internetski preglednik pohranjuje na disk korisnika u obliku male tekstualne datoteke. Neprestano nastojimo na\u0161im korisnicima pru\u017eiti najbolje mogu\u0107e korisni\u010dko iskustvo, stoga treba napomenuti da na\u0161e web stranice rade optimalno samo ako su kola\u010di\u0107i omogu\u0107eni. Da bismo kola\u010di\u0107e mogli upotrebljavati u skladu sa Zakonom o elektroni\u010dkim komunikacijama, Zakonom o za\u0161titi osobnih podataka i direktivama EU-a, potrebna nam je va\u0161a privola. Kori\u0161tenjem ove web stranice pristajete na kori\u0161tenje kola\u010di\u0107a. Blokiranjem kola\u010di\u0107a i dalje mo\u017eete pregledavati stranicu, ali neke njezine zna\u010dajke ne\u0107e vam biti dostupne.<\/p>\n<p><strong>SADR\u017dAJ UGRADNJE OD DRUGIH WEB STRANICA<\/strong><br \/>\n\u010clanci i tekstovi na ovoj internetskoj stranici mogu sadr\u017eavati ugra\u0111eni sadr\u017eaj (npr. videozapise, slike, \u010dlanke itd.). Ugra\u0111eni sadr\u017eaj s drugih web stranica pona\u0161a se isto kao da je posjetitelj posjetio tu drugu web stranicu.<\/p>\n<p><strong>ZA\u0160TITNE MJERE<\/strong><br \/>\nWeb stranica www.wirestraits.com koristi tehnolo\u0161ke i sigurnosne mjere, pravila i druge postupke za za\u0161titu osobnih podataka korisnika ove stranice od neovla\u0161tenog pristupa, zlouporabe, otkrivanja, gubitka ili uni\u0161tenja. Kako bismo osigurali povjerljivost podataka korisnika web mjesta, koristimo industrijske standardne sigurnosne mjere, kao \u0161to su vatrozidi i za\u0161tita lozinkom. Me\u0111utim, korisnik mora biti siguran da je ra\u010dunalo koje koristi sigurno i za\u0161ti\u0107eno od zlonamjernog softvera kao \u0161to su trojanski konjski zlonamjerni softver, ra\u010dunalni virusi i crvi. Korisnik web stranice svjestan je da bez adekvatnih sigurnosnih mjera (primjerice, sigurna konfiguracija internetskog preglednika, a\u017eurirani antivirusni programi, osobni firewall programi, nekori\u0161tenje programa iz sumnjivih izvora) postoji rizik da podaci i lozinke koji se koriste za sprje\u010davanje pristupa osobnim podacima mogu biti otkriveni neovla\u0161tenim tre\u0107im osobama.<\/p>\n<p><strong>STATISTIKA SERVERA<\/strong><br \/>\nOva web stranica koristi Jetpack dodatak za mjerenje statistike pregleda i posje\u0107enosti.<\/p>\n<p><strong>OGRANI\u010cENJE ODGOVORNOSTI<\/strong><br \/>\nIako poduzimamo dostupne tehni\u010dke i organizacijske mjere kako bismo sprije\u010dili neovla\u0161teno otkrivanje va\u0161ih osobnih podataka, ne mo\u017eemo jam\u010diti da neki od osobnih podataka koje prikupljamo nikada ne\u0107e biti slu\u010dajno otkriveni, suprotno odredbama ovih Pravila privatnosti. U najve\u0107oj mjeri dopu\u0161tenoj zakonom isklju\u010dujemo odgovornost za \u0161tetu nanesenu korisnicima ili tre\u0107im stranama slu\u010dajnim otkrivanjem osobnih podataka.<\/p>\n","protected":false},"excerpt":{"rendered":"<p>PODACI KOJE PRIKUPLJAMO Pristup internetskoj stranici www.wirestraits.com besplatan je i nije potrebna registracija. Svoje podatke ispunjavate kontaktiraju\u0107i nas putem kontakt obrazaca ili e-maila. Ove informacije dostupne su isklju\u010divo na www.wirestraits.com u svrhu rje\u0161avanja bilo koje vrste va\u0161eg zahtjeva. Davanje va\u0161ih osobnih\/privatnih podataka je dobrovoljno. Ne obra\u0111ujemo vi\u0161e osobnih podataka nego \u0161to je stvarno potrebno kako [&hellip;]<\/p>\n","protected":false},"author":1,"featured_media":0,"parent":0,"menu_order":10,"comment_status":"closed","ping_status":"closed","template":"","meta":{"footnotes":""},"class_list":["post-783","page","type-page","status-publish","hentry"],"_links":{"self":[{"href":"https:\/\/wirestraits.com\/hr\/wp-json\/wp\/v2\/pages\/783","targetHints":{"allow":["GET"]}}],"collection":[{"href":"https:\/\/wirestraits.com\/hr\/wp-json\/wp\/v2\/pages"}],"about":[{"href":"https:\/\/wirestraits.com\/hr\/wp-json\/wp\/v2\/types\/page"}],"author":[{"embeddable":true,"href":"https:\/\/wirestraits.com\/hr\/wp-json\/wp\/v2\/users\/1"}],"replies":[{"embeddable":true,"href":"https:\/\/wirestraits.com\/hr\/wp-json\/wp\/v2\/comments?post=783"}],"version-history":[{"count":0,"href":"https:\/\/wirestraits.com\/hr\/wp-json\/wp\/v2\/pages\/783\/revisions"}],"wp:attachment":[{"href":"https:\/\/wirestraits.com\/hr\/wp-json\/wp\/v2\/media?parent=783"}],"curies":[{"name":"wp","href":"https:\/\/api.w.org\/{rel}","templated":true}]}}