{"id":785,"date":"2025-07-12T09:20:48","date_gmt":"2025-07-12T07:20:48","guid":{"rendered":"https:\/\/wirestraits.com\/vipoteka\/"},"modified":"2025-08-14T14:12:00","modified_gmt":"2025-08-14T12:12:00","slug":"vipoteka","status":"publish","type":"page","link":"https:\/\/wirestraits.com\/hr\/vipoteka\/","title":{"rendered":"VIPoteka"},"content":{"rendered":"\t\t<div data-elementor-type=\"wp-page\" data-elementor-id=\"785\" class=\"elementor elementor-785 elementor-67\" data-elementor-post-type=\"page\">\n\t\t\t\t<div class=\"elementor-element elementor-element-a34a30b e-flex e-con-boxed e-con e-parent\" data-id=\"a34a30b\" data-element_type=\"container\" data-settings=\"{&quot;jet_parallax_layout_list&quot;:[]}\">\n\t\t\t\t\t<div class=\"e-con-inner\">\n\t\t\t\t<div class=\"elementor-element elementor-element-2ed72e4 gallery-spacing-custom elementor-widget elementor-widget-image-gallery\" data-id=\"2ed72e4\" data-element_type=\"widget\" data-widget_type=\"image-gallery.default\">\n\t\t\t\t\t\t\t<div class=\"elementor-image-gallery\">\n\t\t\t<div id='gallery-1' class='gallery galleryid-785 gallery-columns-3 gallery-size-medium_large'><figure class='gallery-item'>\n\t\t\t<div class='gallery-icon landscape'>\n\t\t\t\t<img fetchpriority=\"high\" width=\"768\" height=\"768\" src=\"https:\/\/wirestraits.com\/wp-content\/uploads\/2025\/07\/Bruce-Springsteen-sq-2-768x768.webp\" class=\"attachment-medium_large size-medium_large\" alt=\"\" aria-describedby=\"gallery-1-1463\" decoding=\"async\" srcset=\"https:\/\/wirestraits.com\/wp-content\/uploads\/2025\/07\/Bruce-Springsteen-sq-2-768x768.webp 768w, https:\/\/wirestraits.com\/wp-content\/uploads\/2025\/07\/Bruce-Springsteen-sq-2-300x300.webp 300w, https:\/\/wirestraits.com\/wp-content\/uploads\/2025\/07\/Bruce-Springsteen-sq-2-1024x1024.webp 1024w, https:\/\/wirestraits.com\/wp-content\/uploads\/2025\/07\/Bruce-Springsteen-sq-2-150x150.webp 150w, https:\/\/wirestraits.com\/wp-content\/uploads\/2025\/07\/Bruce-Springsteen-sq-2-1536x1536.webp 1536w, https:\/\/wirestraits.com\/wp-content\/uploads\/2025\/07\/Bruce-Springsteen-sq-2-2048x2048.webp 2048w, https:\/\/wirestraits.com\/wp-content\/uploads\/2025\/07\/Bruce-Springsteen-sq-2-600x600.webp 600w, https:\/\/wirestraits.com\/wp-content\/uploads\/2025\/07\/Bruce-Springsteen-sq-2-100x100.webp 100w\" sizes=\"(max-width: 768px) 100vw, 768px\" \/>\n\t\t\t<\/div>\n\t\t\t\t<figcaption class='wp-caption-text gallery-caption' id='gallery-1-1463'>\n\t\t\t\tBruce Springsteen\n\t\t\t\t<\/figcaption><\/figure><figure class='gallery-item'>\n\t\t\t<div class='gallery-icon landscape'>\n\t\t\t\t<img width=\"768\" height=\"768\" src=\"https:\/\/wirestraits.com\/wp-content\/uploads\/2025\/07\/E-Street-Band-sq-2-768x768.webp\" class=\"attachment-medium_large size-medium_large\" alt=\"\" aria-describedby=\"gallery-1-765\" decoding=\"async\" srcset=\"https:\/\/wirestraits.com\/wp-content\/uploads\/2025\/07\/E-Street-Band-sq-2-768x768.webp 768w, https:\/\/wirestraits.com\/wp-content\/uploads\/2025\/07\/E-Street-Band-sq-2-300x300.webp 300w, https:\/\/wirestraits.com\/wp-content\/uploads\/2025\/07\/E-Street-Band-sq-2-1024x1024.webp 1024w, https:\/\/wirestraits.com\/wp-content\/uploads\/2025\/07\/E-Street-Band-sq-2-150x150.webp 150w, https:\/\/wirestraits.com\/wp-content\/uploads\/2025\/07\/E-Street-Band-sq-2-1536x1536.webp 1536w, https:\/\/wirestraits.com\/wp-content\/uploads\/2025\/07\/E-Street-Band-sq-2-2048x2048.webp 2048w, https:\/\/wirestraits.com\/wp-content\/uploads\/2025\/07\/E-Street-Band-sq-2-600x600.webp 600w, https:\/\/wirestraits.com\/wp-content\/uploads\/2025\/07\/E-Street-Band-sq-2-100x100.webp 100w\" sizes=\"(max-width: 768px) 100vw, 768px\" \/>\n\t\t\t<\/div>\n\t\t\t\t<figcaption class='wp-caption-text gallery-caption' id='gallery-1-765'>\n\t\t\t\t\u010clanovi E Street Band-a\n\t\t\t\t<\/figcaption><\/figure><figure class='gallery-item'>\n\t\t\t<div class='gallery-icon landscape'>\n\t\t\t\t<img width=\"768\" height=\"768\" src=\"https:\/\/wirestraits.com\/wp-content\/uploads\/2025\/07\/Phil-Collins-sq-1-768x768.webp\" class=\"attachment-medium_large size-medium_large\" alt=\"\" aria-describedby=\"gallery-1-756\" decoding=\"async\" srcset=\"https:\/\/wirestraits.com\/wp-content\/uploads\/2025\/07\/Phil-Collins-sq-1-768x768.webp 768w, https:\/\/wirestraits.com\/wp-content\/uploads\/2025\/07\/Phil-Collins-sq-1-300x300.webp 300w, https:\/\/wirestraits.com\/wp-content\/uploads\/2025\/07\/Phil-Collins-sq-1-1024x1024.webp 1024w, https:\/\/wirestraits.com\/wp-content\/uploads\/2025\/07\/Phil-Collins-sq-1-150x150.webp 150w, https:\/\/wirestraits.com\/wp-content\/uploads\/2025\/07\/Phil-Collins-sq-1-1536x1536.webp 1536w, https:\/\/wirestraits.com\/wp-content\/uploads\/2025\/07\/Phil-Collins-sq-1-2048x2048.webp 2048w, https:\/\/wirestraits.com\/wp-content\/uploads\/2025\/07\/Phil-Collins-sq-1-600x600.webp 600w, https:\/\/wirestraits.com\/wp-content\/uploads\/2025\/07\/Phil-Collins-sq-1-100x100.webp 100w\" sizes=\"(max-width: 768px) 100vw, 768px\" \/>\n\t\t\t<\/div>\n\t\t\t\t<figcaption class='wp-caption-text gallery-caption' id='gallery-1-756'>\n\t\t\t\tPhil Collins\n\t\t\t\t<\/figcaption><\/figure><figure class='gallery-item'>\n\t\t\t<div class='gallery-icon landscape'>\n\t\t\t\t<img loading=\"lazy\" width=\"768\" height=\"768\" src=\"https:\/\/wirestraits.com\/wp-content\/uploads\/2025\/07\/Sting-sq-3-768x768.webp\" class=\"attachment-medium_large size-medium_large\" alt=\"\" aria-describedby=\"gallery-1-1465\" decoding=\"async\" srcset=\"https:\/\/wirestraits.com\/wp-content\/uploads\/2025\/07\/Sting-sq-3-768x768.webp 768w, https:\/\/wirestraits.com\/wp-content\/uploads\/2025\/07\/Sting-sq-3-300x300.webp 300w, https:\/\/wirestraits.com\/wp-content\/uploads\/2025\/07\/Sting-sq-3-1024x1024.webp 1024w, https:\/\/wirestraits.com\/wp-content\/uploads\/2025\/07\/Sting-sq-3-150x150.webp 150w, https:\/\/wirestraits.com\/wp-content\/uploads\/2025\/07\/Sting-sq-3-1536x1536.webp 1536w, https:\/\/wirestraits.com\/wp-content\/uploads\/2025\/07\/Sting-sq-3-2048x2048.webp 2048w, https:\/\/wirestraits.com\/wp-content\/uploads\/2025\/07\/Sting-sq-3-600x600.webp 600w, https:\/\/wirestraits.com\/wp-content\/uploads\/2025\/07\/Sting-sq-3-100x100.webp 100w\" sizes=\"(max-width: 768px) 100vw, 768px\" \/>\n\t\t\t<\/div>\n\t\t\t\t<figcaption class='wp-caption-text gallery-caption' id='gallery-1-1465'>\n\t\t\t\tSting\n\t\t\t\t<\/figcaption><\/figure><figure class='gallery-item'>\n\t\t\t<div class='gallery-icon landscape'>\n\t\t\t\t<img loading=\"lazy\" width=\"768\" height=\"768\" src=\"https:\/\/wirestraits.com\/wp-content\/uploads\/2025\/07\/Michael-Stipe-sq-1-768x768.webp\" class=\"attachment-medium_large size-medium_large\" alt=\"\" aria-describedby=\"gallery-1-755\" decoding=\"async\" srcset=\"https:\/\/wirestraits.com\/wp-content\/uploads\/2025\/07\/Michael-Stipe-sq-1-768x768.webp 768w, https:\/\/wirestraits.com\/wp-content\/uploads\/2025\/07\/Michael-Stipe-sq-1-300x300.webp 300w, https:\/\/wirestraits.com\/wp-content\/uploads\/2025\/07\/Michael-Stipe-sq-1-1024x1024.webp 1024w, https:\/\/wirestraits.com\/wp-content\/uploads\/2025\/07\/Michael-Stipe-sq-1-150x150.webp 150w, https:\/\/wirestraits.com\/wp-content\/uploads\/2025\/07\/Michael-Stipe-sq-1-1536x1536.webp 1536w, https:\/\/wirestraits.com\/wp-content\/uploads\/2025\/07\/Michael-Stipe-sq-1-2048x2048.webp 2048w, https:\/\/wirestraits.com\/wp-content\/uploads\/2025\/07\/Michael-Stipe-sq-1-600x600.webp 600w, https:\/\/wirestraits.com\/wp-content\/uploads\/2025\/07\/Michael-Stipe-sq-1-100x100.webp 100w\" sizes=\"(max-width: 768px) 100vw, 768px\" \/>\n\t\t\t<\/div>\n\t\t\t\t<figcaption class='wp-caption-text gallery-caption' id='gallery-1-755'>\n\t\t\t\tMichael Stipe (REM)\n\t\t\t\t<\/figcaption><\/figure><figure class='gallery-item'>\n\t\t\t<div class='gallery-icon landscape'>\n\t\t\t\t<img loading=\"lazy\" width=\"768\" height=\"768\" src=\"https:\/\/wirestraits.com\/wp-content\/uploads\/2025\/07\/Eros-Ramazzotti-sq-1-768x768.webp\" class=\"attachment-medium_large size-medium_large\" alt=\"\" aria-describedby=\"gallery-1-760\" decoding=\"async\" srcset=\"https:\/\/wirestraits.com\/wp-content\/uploads\/2025\/07\/Eros-Ramazzotti-sq-1-768x768.webp 768w, https:\/\/wirestraits.com\/wp-content\/uploads\/2025\/07\/Eros-Ramazzotti-sq-1-300x300.webp 300w, https:\/\/wirestraits.com\/wp-content\/uploads\/2025\/07\/Eros-Ramazzotti-sq-1-1024x1024.webp 1024w, https:\/\/wirestraits.com\/wp-content\/uploads\/2025\/07\/Eros-Ramazzotti-sq-1-150x150.webp 150w, https:\/\/wirestraits.com\/wp-content\/uploads\/2025\/07\/Eros-Ramazzotti-sq-1-1536x1536.webp 1536w, https:\/\/wirestraits.com\/wp-content\/uploads\/2025\/07\/Eros-Ramazzotti-sq-1-2048x2048.webp 2048w, https:\/\/wirestraits.com\/wp-content\/uploads\/2025\/07\/Eros-Ramazzotti-sq-1-600x600.webp 600w, https:\/\/wirestraits.com\/wp-content\/uploads\/2025\/07\/Eros-Ramazzotti-sq-1-100x100.webp 100w\" sizes=\"(max-width: 768px) 100vw, 768px\" \/>\n\t\t\t<\/div>\n\t\t\t\t<figcaption class='wp-caption-text gallery-caption' id='gallery-1-760'>\n\t\t\t\tEros Ramazzotti<br><small>Pozornica, poklon njegovog managera Rickyja, 1998<\/small>\n\t\t\t\t<\/figcaption><\/figure><figure class='gallery-item'>\n\t\t\t<div class='gallery-icon landscape'>\n\t\t\t\t<img loading=\"lazy\" width=\"768\" height=\"768\" src=\"https:\/\/wirestraits.com\/wp-content\/uploads\/2025\/07\/Jim-Kerr-and-mr.-David-Forbes-sq-1-768x768.webp\" class=\"attachment-medium_large size-medium_large\" alt=\"\" aria-describedby=\"gallery-1-754\" decoding=\"async\" srcset=\"https:\/\/wirestraits.com\/wp-content\/uploads\/2025\/07\/Jim-Kerr-and-mr.-David-Forbes-sq-1-768x768.webp 768w, https:\/\/wirestraits.com\/wp-content\/uploads\/2025\/07\/Jim-Kerr-and-mr.-David-Forbes-sq-1-300x300.webp 300w, https:\/\/wirestraits.com\/wp-content\/uploads\/2025\/07\/Jim-Kerr-and-mr.-David-Forbes-sq-1-1024x1024.webp 1024w, https:\/\/wirestraits.com\/wp-content\/uploads\/2025\/07\/Jim-Kerr-and-mr.-David-Forbes-sq-1-150x150.webp 150w, https:\/\/wirestraits.com\/wp-content\/uploads\/2025\/07\/Jim-Kerr-and-mr.-David-Forbes-sq-1-1536x1536.webp 1536w, https:\/\/wirestraits.com\/wp-content\/uploads\/2025\/07\/Jim-Kerr-and-mr.-David-Forbes-sq-1-2048x2048.webp 2048w, https:\/\/wirestraits.com\/wp-content\/uploads\/2025\/07\/Jim-Kerr-and-mr.-David-Forbes-sq-1-600x600.webp 600w, https:\/\/wirestraits.com\/wp-content\/uploads\/2025\/07\/Jim-Kerr-and-mr.-David-Forbes-sq-1-100x100.webp 100w\" sizes=\"(max-width: 768px) 100vw, 768px\" \/>\n\t\t\t<\/div>\n\t\t\t\t<figcaption class='wp-caption-text gallery-caption' id='gallery-1-754'>\n\t\t\t\tJim Kerr (Simple Minds) i gosp. David Forbes\n\t\t\t\t<\/figcaption><\/figure><figure class='gallery-item'>\n\t\t\t<div class='gallery-icon landscape'>\n\t\t\t\t<img loading=\"lazy\" width=\"768\" height=\"768\" src=\"https:\/\/wirestraits.com\/wp-content\/uploads\/2025\/07\/Zoran-Milanovic-sq-1-768x768.webp\" class=\"attachment-medium_large size-medium_large\" alt=\"\" aria-describedby=\"gallery-1-759\" decoding=\"async\" srcset=\"https:\/\/wirestraits.com\/wp-content\/uploads\/2025\/07\/Zoran-Milanovic-sq-1-768x768.webp 768w, https:\/\/wirestraits.com\/wp-content\/uploads\/2025\/07\/Zoran-Milanovic-sq-1-300x300.webp 300w, https:\/\/wirestraits.com\/wp-content\/uploads\/2025\/07\/Zoran-Milanovic-sq-1-1024x1024.webp 1024w, https:\/\/wirestraits.com\/wp-content\/uploads\/2025\/07\/Zoran-Milanovic-sq-1-150x150.webp 150w, https:\/\/wirestraits.com\/wp-content\/uploads\/2025\/07\/Zoran-Milanovic-sq-1-1536x1536.webp 1536w, https:\/\/wirestraits.com\/wp-content\/uploads\/2025\/07\/Zoran-Milanovic-sq-1-2048x2048.webp 2048w, https:\/\/wirestraits.com\/wp-content\/uploads\/2025\/07\/Zoran-Milanovic-sq-1-600x600.webp 600w, https:\/\/wirestraits.com\/wp-content\/uploads\/2025\/07\/Zoran-Milanovic-sq-1-100x100.webp 100w\" sizes=\"(max-width: 768px) 100vw, 768px\" \/>\n\t\t\t<\/div>\n\t\t\t\t<figcaption class='wp-caption-text gallery-caption' id='gallery-1-759'>\n\t\t\t\tZoran Milanovi\u0107<br><small>zna\u010dka izradjena za predsjednika Republike Hrvatske Zorana Milanovi\u0107a povodom 90. izdanja modne manifestacije \u201cZlatna igla\u201d\n\t\t\t\t<\/figcaption><\/figure><figure class='gallery-item'>\n\t\t\t<div class='gallery-icon landscape'>\n\t\t\t\t<img loading=\"lazy\" width=\"768\" height=\"768\" src=\"https:\/\/wirestraits.com\/wp-content\/uploads\/2025\/08\/Zlatko-Dalic-sq-768x768.jpg\" class=\"attachment-medium_large size-medium_large\" alt=\"\" aria-describedby=\"gallery-1-1825\" decoding=\"async\" srcset=\"https:\/\/wirestraits.com\/wp-content\/uploads\/2025\/08\/Zlatko-Dalic-sq-768x768.jpg 768w, https:\/\/wirestraits.com\/wp-content\/uploads\/2025\/08\/Zlatko-Dalic-sq-300x300.jpg 300w, https:\/\/wirestraits.com\/wp-content\/uploads\/2025\/08\/Zlatko-Dalic-sq-1024x1024.jpg 1024w, https:\/\/wirestraits.com\/wp-content\/uploads\/2025\/08\/Zlatko-Dalic-sq-150x150.jpg 150w, https:\/\/wirestraits.com\/wp-content\/uploads\/2025\/08\/Zlatko-Dalic-sq-1536x1536.jpg 1536w, https:\/\/wirestraits.com\/wp-content\/uploads\/2025\/08\/Zlatko-Dalic-sq-2048x2048.jpg 2048w, https:\/\/wirestraits.com\/wp-content\/uploads\/2025\/08\/Zlatko-Dalic-sq-600x600.jpg 600w, https:\/\/wirestraits.com\/wp-content\/uploads\/2025\/08\/Zlatko-Dalic-sq-100x100.jpg 100w\" sizes=\"(max-width: 768px) 100vw, 768px\" \/>\n\t\t\t<\/div>\n\t\t\t\t<figcaption class='wp-caption-text gallery-caption' id='gallery-1-1825'>\n\t\t\t\tZlatko Dali\u0107<br><small>Izbornik hrvatske nogometne reprezentacije<\/small>\n\t\t\t\t<\/figcaption><\/figure><figure class='gallery-item'>\n\t\t\t<div class='gallery-icon landscape'>\n\t\t\t\t<img loading=\"lazy\" width=\"768\" height=\"768\" src=\"https:\/\/wirestraits.com\/wp-content\/uploads\/2025\/07\/Jadranka-Kosor-2-sq-768x768.webp\" class=\"attachment-medium_large size-medium_large\" alt=\"\" aria-describedby=\"gallery-1-761\" decoding=\"async\" srcset=\"https:\/\/wirestraits.com\/wp-content\/uploads\/2025\/07\/Jadranka-Kosor-2-sq-768x768.webp 768w, https:\/\/wirestraits.com\/wp-content\/uploads\/2025\/07\/Jadranka-Kosor-2-sq-300x300.webp 300w, https:\/\/wirestraits.com\/wp-content\/uploads\/2025\/07\/Jadranka-Kosor-2-sq-1024x1024.webp 1024w, https:\/\/wirestraits.com\/wp-content\/uploads\/2025\/07\/Jadranka-Kosor-2-sq-150x150.webp 150w, https:\/\/wirestraits.com\/wp-content\/uploads\/2025\/07\/Jadranka-Kosor-2-sq-1536x1536.webp 1536w, https:\/\/wirestraits.com\/wp-content\/uploads\/2025\/07\/Jadranka-Kosor-2-sq-2048x2048.webp 2048w, https:\/\/wirestraits.com\/wp-content\/uploads\/2025\/07\/Jadranka-Kosor-2-sq-600x600.webp 600w, https:\/\/wirestraits.com\/wp-content\/uploads\/2025\/07\/Jadranka-Kosor-2-sq-100x100.webp 100w\" sizes=\"(max-width: 768px) 100vw, 768px\" \/>\n\t\t\t<\/div>\n\t\t\t\t<figcaption class='wp-caption-text gallery-caption' id='gallery-1-761'>\n\t\t\t\tJadranka Kosor<br><small>Biv\u0161a premijerka Republike Hrvatske<\/small>\n\t\t\t\t<\/figcaption><\/figure><figure class='gallery-item'>\n\t\t\t<div class='gallery-icon landscape'>\n\t\t\t\t<img loading=\"lazy\" width=\"768\" height=\"768\" src=\"https:\/\/wirestraits.com\/wp-content\/uploads\/2025\/07\/Billy-Cobham-sq-1-768x768.webp\" class=\"attachment-medium_large size-medium_large\" alt=\"\" aria-describedby=\"gallery-1-750\" decoding=\"async\" srcset=\"https:\/\/wirestraits.com\/wp-content\/uploads\/2025\/07\/Billy-Cobham-sq-1-768x768.webp 768w, https:\/\/wirestraits.com\/wp-content\/uploads\/2025\/07\/Billy-Cobham-sq-1-300x300.webp 300w, https:\/\/wirestraits.com\/wp-content\/uploads\/2025\/07\/Billy-Cobham-sq-1-1024x1024.webp 1024w, https:\/\/wirestraits.com\/wp-content\/uploads\/2025\/07\/Billy-Cobham-sq-1-150x150.webp 150w, https:\/\/wirestraits.com\/wp-content\/uploads\/2025\/07\/Billy-Cobham-sq-1-1536x1536.webp 1536w, https:\/\/wirestraits.com\/wp-content\/uploads\/2025\/07\/Billy-Cobham-sq-1-2048x2048.webp 2048w, https:\/\/wirestraits.com\/wp-content\/uploads\/2025\/07\/Billy-Cobham-sq-1-600x600.webp 600w, https:\/\/wirestraits.com\/wp-content\/uploads\/2025\/07\/Billy-Cobham-sq-1-100x100.webp 100w\" sizes=\"(max-width: 768px) 100vw, 768px\" \/>\n\t\t\t<\/div>\n\t\t\t\t<figcaption class='wp-caption-text gallery-caption' id='gallery-1-750'>\n\t\t\t\tBilly Cobham, Panamsko-ameri\u010dki jazz bubnjar\n\t\t\t\t<\/figcaption><\/figure><figure class='gallery-item'>\n\t\t\t<div class='gallery-icon landscape'>\n\t\t\t\t<img loading=\"lazy\" width=\"768\" height=\"768\" src=\"https:\/\/wirestraits.com\/wp-content\/uploads\/2025\/07\/Claudio-Baglioni-sq-1-768x768.webp\" class=\"attachment-medium_large size-medium_large\" alt=\"\" aria-describedby=\"gallery-1-752\" decoding=\"async\" srcset=\"https:\/\/wirestraits.com\/wp-content\/uploads\/2025\/07\/Claudio-Baglioni-sq-1-768x768.webp 768w, https:\/\/wirestraits.com\/wp-content\/uploads\/2025\/07\/Claudio-Baglioni-sq-1-300x300.webp 300w, https:\/\/wirestraits.com\/wp-content\/uploads\/2025\/07\/Claudio-Baglioni-sq-1-1024x1024.webp 1024w, https:\/\/wirestraits.com\/wp-content\/uploads\/2025\/07\/Claudio-Baglioni-sq-1-150x150.webp 150w, https:\/\/wirestraits.com\/wp-content\/uploads\/2025\/07\/Claudio-Baglioni-sq-1-1536x1536.webp 1536w, https:\/\/wirestraits.com\/wp-content\/uploads\/2025\/07\/Claudio-Baglioni-sq-1-2048x2048.webp 2048w, https:\/\/wirestraits.com\/wp-content\/uploads\/2025\/07\/Claudio-Baglioni-sq-1-600x600.webp 600w, https:\/\/wirestraits.com\/wp-content\/uploads\/2025\/07\/Claudio-Baglioni-sq-1-100x100.webp 100w\" sizes=\"(max-width: 768px) 100vw, 768px\" \/>\n\t\t\t<\/div>\n\t\t\t\t<figcaption class='wp-caption-text gallery-caption' id='gallery-1-752'>\n\t\t\t\tClaudio Baglioni\n\t\t\t\t<\/figcaption><\/figure><figure class='gallery-item'>\n\t\t\t<div class='gallery-icon landscape'>\n\t\t\t\t<img loading=\"lazy\" width=\"768\" height=\"768\" src=\"https:\/\/wirestraits.com\/wp-content\/uploads\/2025\/08\/Enzo-Iacchetti-768x768.webp\" class=\"attachment-medium_large size-medium_large\" alt=\"\" aria-describedby=\"gallery-1-1689\" decoding=\"async\" srcset=\"https:\/\/wirestraits.com\/wp-content\/uploads\/2025\/08\/Enzo-Iacchetti-768x768.webp 768w, https:\/\/wirestraits.com\/wp-content\/uploads\/2025\/08\/Enzo-Iacchetti-300x300.webp 300w, https:\/\/wirestraits.com\/wp-content\/uploads\/2025\/08\/Enzo-Iacchetti-1024x1024.webp 1024w, https:\/\/wirestraits.com\/wp-content\/uploads\/2025\/08\/Enzo-Iacchetti-150x150.webp 150w, https:\/\/wirestraits.com\/wp-content\/uploads\/2025\/08\/Enzo-Iacchetti-1536x1536.webp 1536w, https:\/\/wirestraits.com\/wp-content\/uploads\/2025\/08\/Enzo-Iacchetti-2048x2048.webp 2048w, https:\/\/wirestraits.com\/wp-content\/uploads\/2025\/08\/Enzo-Iacchetti-600x600.webp 600w, https:\/\/wirestraits.com\/wp-content\/uploads\/2025\/08\/Enzo-Iacchetti-100x100.webp 100w\" sizes=\"(max-width: 768px) 100vw, 768px\" \/>\n\t\t\t<\/div>\n\t\t\t\t<figcaption class='wp-caption-text gallery-caption' id='gallery-1-1689'>\n\t\t\t\tEnzo Iacchetti, slavni talijanski komi\u010dar\n\t\t\t\t<\/figcaption><\/figure><figure class='gallery-item'>\n\t\t\t<div class='gallery-icon landscape'>\n\t\t\t\t<img loading=\"lazy\" width=\"768\" height=\"768\" src=\"https:\/\/wirestraits.com\/wp-content\/uploads\/2025\/08\/Winnie-Colaiuta-768x768.webp\" class=\"attachment-medium_large size-medium_large\" alt=\"\" aria-describedby=\"gallery-1-1691\" decoding=\"async\" srcset=\"https:\/\/wirestraits.com\/wp-content\/uploads\/2025\/08\/Winnie-Colaiuta-768x768.webp 768w, https:\/\/wirestraits.com\/wp-content\/uploads\/2025\/08\/Winnie-Colaiuta-300x300.webp 300w, https:\/\/wirestraits.com\/wp-content\/uploads\/2025\/08\/Winnie-Colaiuta-1024x1024.webp 1024w, https:\/\/wirestraits.com\/wp-content\/uploads\/2025\/08\/Winnie-Colaiuta-150x150.webp 150w, https:\/\/wirestraits.com\/wp-content\/uploads\/2025\/08\/Winnie-Colaiuta-1536x1536.webp 1536w, https:\/\/wirestraits.com\/wp-content\/uploads\/2025\/08\/Winnie-Colaiuta-2048x2048.webp 2048w, https:\/\/wirestraits.com\/wp-content\/uploads\/2025\/08\/Winnie-Colaiuta-600x600.webp 600w, https:\/\/wirestraits.com\/wp-content\/uploads\/2025\/08\/Winnie-Colaiuta-100x100.webp 100w\" sizes=\"(max-width: 768px) 100vw, 768px\" \/>\n\t\t\t<\/div>\n\t\t\t\t<figcaption class='wp-caption-text gallery-caption' id='gallery-1-1691'>\n\t\t\t\tWinnie Colaiuta, ameri\u010dki bubnjar\n\t\t\t\t<\/figcaption><\/figure><figure class='gallery-item'>\n\t\t\t<div class='gallery-icon landscape'>\n\t\t\t\t<img loading=\"lazy\" width=\"768\" height=\"768\" src=\"https:\/\/wirestraits.com\/wp-content\/uploads\/2025\/08\/Steve-Ferrone-768x768.webp\" class=\"attachment-medium_large size-medium_large\" alt=\"\" aria-describedby=\"gallery-1-1693\" decoding=\"async\" srcset=\"https:\/\/wirestraits.com\/wp-content\/uploads\/2025\/08\/Steve-Ferrone-768x768.webp 768w, https:\/\/wirestraits.com\/wp-content\/uploads\/2025\/08\/Steve-Ferrone-300x300.webp 300w, https:\/\/wirestraits.com\/wp-content\/uploads\/2025\/08\/Steve-Ferrone-1024x1024.webp 1024w, https:\/\/wirestraits.com\/wp-content\/uploads\/2025\/08\/Steve-Ferrone-150x150.webp 150w, https:\/\/wirestraits.com\/wp-content\/uploads\/2025\/08\/Steve-Ferrone-1536x1536.webp 1536w, https:\/\/wirestraits.com\/wp-content\/uploads\/2025\/08\/Steve-Ferrone-2048x2048.webp 2048w, https:\/\/wirestraits.com\/wp-content\/uploads\/2025\/08\/Steve-Ferrone-600x600.webp 600w, https:\/\/wirestraits.com\/wp-content\/uploads\/2025\/08\/Steve-Ferrone-100x100.webp 100w\" sizes=\"(max-width: 768px) 100vw, 768px\" \/>\n\t\t\t<\/div>\n\t\t\t\t<figcaption class='wp-caption-text gallery-caption' id='gallery-1-1693'>\n\t\t\t\tSteve Ferrone, britanski bubnjar\n\t\t\t\t<\/figcaption><\/figure><figure class='gallery-item'>\n\t\t\t<div class='gallery-icon landscape'>\n\t\t\t\t<img loading=\"lazy\" width=\"768\" height=\"768\" src=\"https:\/\/wirestraits.com\/wp-content\/uploads\/2025\/08\/Manu-Katche-768x768.webp\" class=\"attachment-medium_large size-medium_large\" alt=\"\" aria-describedby=\"gallery-1-1695\" decoding=\"async\" srcset=\"https:\/\/wirestraits.com\/wp-content\/uploads\/2025\/08\/Manu-Katche-768x768.webp 768w, https:\/\/wirestraits.com\/wp-content\/uploads\/2025\/08\/Manu-Katche-300x300.webp 300w, https:\/\/wirestraits.com\/wp-content\/uploads\/2025\/08\/Manu-Katche-1024x1024.webp 1024w, https:\/\/wirestraits.com\/wp-content\/uploads\/2025\/08\/Manu-Katche-150x150.webp 150w, https:\/\/wirestraits.com\/wp-content\/uploads\/2025\/08\/Manu-Katche-1536x1536.webp 1536w, https:\/\/wirestraits.com\/wp-content\/uploads\/2025\/08\/Manu-Katche-2048x2048.webp 2048w, https:\/\/wirestraits.com\/wp-content\/uploads\/2025\/08\/Manu-Katche-600x600.webp 600w, https:\/\/wirestraits.com\/wp-content\/uploads\/2025\/08\/Manu-Katche-100x100.webp 100w\" sizes=\"(max-width: 768px) 100vw, 768px\" \/>\n\t\t\t<\/div>\n\t\t\t\t<figcaption class='wp-caption-text gallery-caption' id='gallery-1-1695'>\n\t\t\t\tManu Katche, francuski bubnjar\n\t\t\t\t<\/figcaption><\/figure><figure class='gallery-item'>\n\t\t\t<div class='gallery-icon landscape'>\n\t\t\t\t<img loading=\"lazy\" width=\"768\" height=\"768\" src=\"https:\/\/wirestraits.com\/wp-content\/uploads\/2025\/08\/Charles-Billich-768x768.webp\" class=\"attachment-medium_large size-medium_large\" alt=\"\" aria-describedby=\"gallery-1-1701\" decoding=\"async\" srcset=\"https:\/\/wirestraits.com\/wp-content\/uploads\/2025\/08\/Charles-Billich-768x768.webp 768w, https:\/\/wirestraits.com\/wp-content\/uploads\/2025\/08\/Charles-Billich-300x300.webp 300w, https:\/\/wirestraits.com\/wp-content\/uploads\/2025\/08\/Charles-Billich-1024x1024.webp 1024w, https:\/\/wirestraits.com\/wp-content\/uploads\/2025\/08\/Charles-Billich-150x150.webp 150w, https:\/\/wirestraits.com\/wp-content\/uploads\/2025\/08\/Charles-Billich-1536x1536.webp 1536w, https:\/\/wirestraits.com\/wp-content\/uploads\/2025\/08\/Charles-Billich-2048x2048.webp 2048w, https:\/\/wirestraits.com\/wp-content\/uploads\/2025\/08\/Charles-Billich-600x600.webp 600w, https:\/\/wirestraits.com\/wp-content\/uploads\/2025\/08\/Charles-Billich-100x100.webp 100w\" sizes=\"(max-width: 768px) 100vw, 768px\" \/>\n\t\t\t<\/div>\n\t\t\t\t<figcaption class='wp-caption-text gallery-caption' id='gallery-1-1701'>\n\t\t\t\tCharles Billich (ro\u0111en Karlo Bili\u0107) svjetski poznati umjetnik iz Australije\n\t\t\t\t<\/figcaption><\/figure>\n\t\t<\/div>\n\t\t<\/div>\n\t\t\t\t\t\t<\/div>\n\t\t\t\t<div class=\"elementor-element elementor-element-3de7f63 elementor-widget elementor-widget-text-editor\" data-id=\"3de7f63\" data-element_type=\"widget\" data-widget_type=\"text-editor.default\">\n\t\t\t\t\t\t\t\t\t<p>Lorem ipsum dolor sit amet, consectetur adipiscing elit. Ut elit tellus, luctus nec ullamcorper mattis, pulvinar dapibus leo.<\/p>\t\t\t\t\t\t\t\t<\/div>\n\t\t\t\t\t<\/div>\n\t\t\t\t<\/div>\n\t\t\t\t<\/div>\n\t\t","protected":false},"excerpt":{"rendered":"<p>Bruce Springsteen Members of E Street Band Phil Collins Sting Michael Stipe (REM) Eros RamazzottiStage, a gift from his manager Ricky, 1998 Jim Kerr (Simple Minds) and mr. David Forbes Zoran Milanovi\u0107A badge created for the President of the Republic of Croatia, Zoran Milanovi\u0107, on the occasion of the 90th edition of the fashion event [&hellip;]<\/p>\n","protected":false},"author":1,"featured_media":0,"parent":0,"menu_order":0,"comment_status":"closed","ping_status":"closed","template":"","meta":{"footnotes":""},"class_list":["post-785","page","type-page","status-publish","hentry"],"_links":{"self":[{"href":"https:\/\/wirestraits.com\/hr\/wp-json\/wp\/v2\/pages\/785","targetHints":{"allow":["GET"]}}],"collection":[{"href":"https:\/\/wirestraits.com\/hr\/wp-json\/wp\/v2\/pages"}],"about":[{"href":"https:\/\/wirestraits.com\/hr\/wp-json\/wp\/v2\/types\/page"}],"author":[{"embeddable":true,"href":"https:\/\/wirestraits.com\/hr\/wp-json\/wp\/v2\/users\/1"}],"replies":[{"embeddable":true,"href":"https:\/\/wirestraits.com\/hr\/wp-json\/wp\/v2\/comments?post=785"}],"version-history":[{"count":18,"href":"https:\/\/wirestraits.com\/hr\/wp-json\/wp\/v2\/pages\/785\/revisions"}],"predecessor-version":[{"id":1833,"href":"https:\/\/wirestraits.com\/hr\/wp-json\/wp\/v2\/pages\/785\/revisions\/1833"}],"wp:attachment":[{"href":"https:\/\/wirestraits.com\/hr\/wp-json\/wp\/v2\/media?parent=785"}],"curies":[{"name":"wp","href":"https:\/\/api.w.org\/{rel}","templated":true}]}}