{"id":787,"date":"2025-07-12T09:20:56","date_gmt":"2025-07-12T07:20:56","guid":{"rendered":"https:\/\/wirestraits.com\/o-umjetniku\/"},"modified":"2025-12-12T10:42:46","modified_gmt":"2025-12-12T09:42:46","slug":"o-umjetniku","status":"publish","type":"page","link":"https:\/\/wirestraits.com\/hr\/o-umjetniku\/","title":{"rendered":"O umjetniku"},"content":{"rendered":"\t\t<div data-elementor-type=\"wp-page\" data-elementor-id=\"787\" class=\"elementor elementor-787 elementor-86\" data-elementor-post-type=\"page\">\n\t\t\t\t<div class=\"elementor-element elementor-element-03e6b48 e-flex e-con-boxed e-con e-parent\" data-id=\"03e6b48\" data-element_type=\"container\" data-settings=\"{&quot;jet_parallax_layout_list&quot;:[]}\">\n\t\t\t\t\t<div class=\"e-con-inner\">\n\t\t<div class=\"elementor-element elementor-element-83e4b01 e-con-full e-flex e-con e-child\" data-id=\"83e4b01\" data-element_type=\"container\" data-settings=\"{&quot;jet_parallax_layout_list&quot;:[]}\">\n\t\t\t\t<div class=\"elementor-element elementor-element-473e0afe elementor-widget-tablet__width-inherit elementor-widget elementor-widget-text-editor\" data-id=\"473e0afe\" data-element_type=\"widget\" data-widget_type=\"text-editor.default\">\n\t\t\t\t\t\t\t\t\t<p><strong>Goran Mareti\u0107-Martini<\/strong> zagreba\u010dki je umjetnik, koji se ve\u0107 dugi niz godina, uz izradu minijaturnih glazbenih instrumenata i pozornica, bavi i izradom unikatnog nakita, te malih \u010dudnih an\u0111ela koje je prigodno nazvao \u201cStrAngels\u201d, prevedeno &#8211; StrAn\u0111eli.<\/p>\n\t\t\t\t\t\t\t\t<\/div>\n\t\t\t\t<div class=\"elementor-element elementor-element-7b2ea735 elementor-widget elementor-widget-image\" data-id=\"7b2ea735\" data-element_type=\"widget\" data-widget_type=\"image.default\">\n\t\t\t\t\t\t\t\t\t\t\t\t\t\t\t<img fetchpriority=\"high\" decoding=\"async\" width=\"1910\" height=\"1014\" src=\"https:\/\/wirestraits.com\/wp-content\/uploads\/2025\/07\/StrAngels-logo.webp\" class=\"attachment-full size-full wp-image-711\" alt=\"\" srcset=\"https:\/\/wirestraits.com\/wp-content\/uploads\/2025\/07\/StrAngels-logo.webp 1910w, https:\/\/wirestraits.com\/wp-content\/uploads\/2025\/07\/StrAngels-logo-300x159.webp 300w, https:\/\/wirestraits.com\/wp-content\/uploads\/2025\/07\/StrAngels-logo-1024x544.webp 1024w, https:\/\/wirestraits.com\/wp-content\/uploads\/2025\/07\/StrAngels-logo-768x408.webp 768w, https:\/\/wirestraits.com\/wp-content\/uploads\/2025\/07\/StrAngels-logo-1536x815.webp 1536w, https:\/\/wirestraits.com\/wp-content\/uploads\/2025\/07\/StrAngels-logo-600x319.webp 600w\" sizes=\"(max-width: 1910px) 100vw, 1910px\" \/>\t\t\t\t\t\t\t\t\t\t\t\t\t\t\t<\/div>\n\t\t\t\t<div class=\"elementor-element elementor-element-c1dc898 elementor-widget-tablet__width-inherit elementor-widget elementor-widget-text-editor\" data-id=\"c1dc898\" data-element_type=\"widget\" data-widget_type=\"text-editor.default\">\n\t\t\t\t\t\t\t\t\t<p data-start=\"327\" data-end=\"694\">Mnogim su doma\u0107im i stranim zvijezdama manageri , ali i fanovi, naru\u010divali goranove minijature instrumenata i kompletnih pozornica. Neke od njih mo\u017eete i vidjeti u rubrici <a href=\"https:\/\/ws3.dev.maoio.agency\/vipotheque\/\" target=\"_blank\" rel=\"noopener\"><strong>Vipoteka<\/strong><\/a>.<\/p>\n\t\t\t\t\t\t\t\t<\/div>\n\t\t\t\t<\/div>\n\t\t<div class=\"elementor-element elementor-element-dfebe87 e-con-full e-flex e-con e-child\" data-id=\"dfebe87\" data-element_type=\"container\" data-settings=\"{&quot;jet_parallax_layout_list&quot;:[]}\">\n\t\t\t\t<div class=\"elementor-element elementor-element-58a33934 elementor-widget elementor-widget-image\" data-id=\"58a33934\" data-element_type=\"widget\" data-widget_type=\"image.default\">\n\t\t\t\t\t\t\t\t\t\t\t\t\t\t\t\t<a href=\"https:\/\/wirestraits.com\/wp-content\/uploads\/2025\/12\/image0.jpeg\" data-elementor-open-lightbox=\"yes\" data-e-action-hash=\"#elementor-action%3Aaction%3Dlightbox%26settings%3DeyJpZCI6MTkyOSwidXJsIjoiaHR0cHM6XC9cL3dpcmVzdHJhaXRzLmNvbVwvd3AtY29udGVudFwvdXBsb2Fkc1wvMjAyNVwvMTJcL2ltYWdlMC5qcGVnIn0%3D\">\n\t\t\t\t\t\t\t<img decoding=\"async\" width=\"1280\" height=\"959\" src=\"https:\/\/wirestraits.com\/wp-content\/uploads\/2025\/12\/image0.jpeg\" class=\"attachment-full size-full wp-image-1929\" alt=\"\" srcset=\"https:\/\/wirestraits.com\/wp-content\/uploads\/2025\/12\/image0.jpeg 1280w, https:\/\/wirestraits.com\/wp-content\/uploads\/2025\/12\/image0-300x225.jpeg 300w, https:\/\/wirestraits.com\/wp-content\/uploads\/2025\/12\/image0-1024x767.jpeg 1024w, https:\/\/wirestraits.com\/wp-content\/uploads\/2025\/12\/image0-768x575.jpeg 768w, https:\/\/wirestraits.com\/wp-content\/uploads\/2025\/12\/image0-600x450.jpeg 600w\" sizes=\"(max-width: 1280px) 100vw, 1280px\" \/>\t\t\t\t\t\t\t\t<\/a>\n\t\t\t\t\t\t\t\t\t\t\t\t\t\t\t<\/div>\n\t\t\t\t<\/div>\n\t\t\t\t\t<\/div>\n\t\t\t\t<\/div>\n\t\t<div class=\"elementor-element elementor-element-2089fbb4 e-flex e-con-boxed e-con e-parent\" data-id=\"2089fbb4\" data-element_type=\"container\" data-settings=\"{&quot;jet_parallax_layout_list&quot;:[]}\">\n\t\t\t\t\t<div class=\"e-con-inner\">\n\t\t<div class=\"elementor-element elementor-element-47138cf e-con-full e-flex e-con e-child\" data-id=\"47138cf\" data-element_type=\"container\" data-settings=\"{&quot;jet_parallax_layout_list&quot;:[]}\">\n\t\t\t\t<div class=\"elementor-element elementor-element-c2b1d06 elementor-widget elementor-widget-image-carousel\" data-id=\"c2b1d06\" data-element_type=\"widget\" data-settings=\"{&quot;slides_to_show&quot;:&quot;1&quot;,&quot;navigation&quot;:&quot;none&quot;,&quot;autoplay_speed&quot;:3000,&quot;autoplay&quot;:&quot;yes&quot;,&quot;infinite&quot;:&quot;yes&quot;,&quot;effect&quot;:&quot;slide&quot;,&quot;speed&quot;:500}\" data-widget_type=\"image-carousel.default\">\n\t\t\t\t\t\t\t<div class=\"elementor-image-carousel-wrapper swiper\" role=\"region\" aria-roledescription=\"carousel\" aria-label=\"Image Carousel\" dir=\"ltr\">\n\t\t\t<div class=\"elementor-image-carousel swiper-wrapper\" aria-live=\"off\">\n\t\t\t\t\t\t\t\t<div class=\"swiper-slide\" role=\"group\" aria-roledescription=\"slide\" aria-label=\"1 od 6\"><a data-elementor-open-lightbox=\"yes\" data-elementor-lightbox-slideshow=\"c2b1d06\" data-elementor-lightbox-title=\"Goran Mareti\u0107-Martini\" data-e-action-hash=\"#elementor-action%3Aaction%3Dlightbox%26settings%3DeyJpZCI6MTg1MCwidXJsIjoiaHR0cHM6XC9cL3dpcmVzdHJhaXRzLmNvbVwvd3AtY29udGVudFwvdXBsb2Fkc1wvMjAyNVwvMDhcL0lNR180MDM0LmpwZyIsInNsaWRlc2hvdyI6ImMyYjFkMDYifQ%3D%3D\" href=\"https:\/\/wirestraits.com\/wp-content\/uploads\/2025\/08\/IMG_4034.jpg\"><figure class=\"swiper-slide-inner\"><img decoding=\"async\" class=\"swiper-slide-image\" src=\"https:\/\/wirestraits.com\/wp-content\/uploads\/2025\/08\/IMG_4034.jpg\" alt=\"Goran Mareti\u0107-Martini\" \/><\/figure><\/a><\/div><div class=\"swiper-slide\" role=\"group\" aria-roledescription=\"slide\" aria-label=\"2 od 6\"><a data-elementor-open-lightbox=\"yes\" data-elementor-lightbox-slideshow=\"c2b1d06\" data-elementor-lightbox-title=\"Goran Mareti\u0107-Martini\" data-e-action-hash=\"#elementor-action%3Aaction%3Dlightbox%26settings%3DeyJpZCI6MTY2MywidXJsIjoiaHR0cHM6XC9cL3dpcmVzdHJhaXRzLmNvbVwvd3AtY29udGVudFwvdXBsb2Fkc1wvMjAyNVwvMDhcL0lNR18zOTk0LndlYnAiLCJzbGlkZXNob3ciOiJjMmIxZDA2In0%3D\" href=\"https:\/\/wirestraits.com\/wp-content\/uploads\/2025\/08\/IMG_3994.webp\"><figure class=\"swiper-slide-inner\"><img decoding=\"async\" class=\"swiper-slide-image\" src=\"https:\/\/wirestraits.com\/wp-content\/uploads\/2025\/08\/IMG_3994.webp\" alt=\"Goran Mareti\u0107-Martini\" \/><\/figure><\/a><\/div><div class=\"swiper-slide\" role=\"group\" aria-roledescription=\"slide\" aria-label=\"3 od 6\"><a data-elementor-open-lightbox=\"yes\" data-elementor-lightbox-slideshow=\"c2b1d06\" data-elementor-lightbox-title=\"Goran during the concert in Padova Italy, 1995\" data-e-action-hash=\"#elementor-action%3Aaction%3Dlightbox%26settings%3DeyJpZCI6MTYwMCwidXJsIjoiaHR0cHM6XC9cL3dpcmVzdHJhaXRzLmNvbVwvd3AtY29udGVudFwvdXBsb2Fkc1wvMjAyNVwvMDhcL0lNR184MzIxLXNjYWxlZC53ZWJwIiwic2xpZGVzaG93IjoiYzJiMWQwNiJ9\" href=\"https:\/\/wirestraits.com\/wp-content\/uploads\/2025\/08\/IMG_8321-scaled.webp\"><figure class=\"swiper-slide-inner\"><img decoding=\"async\" class=\"swiper-slide-image\" src=\"https:\/\/wirestraits.com\/wp-content\/uploads\/2025\/08\/IMG_8321-scaled.webp\" alt=\"Goran during the concert in Padova Italy, 1995\" \/><\/figure><\/a><\/div><div class=\"swiper-slide\" role=\"group\" aria-roledescription=\"slide\" aria-label=\"4 od 6\"><a data-elementor-open-lightbox=\"yes\" data-elementor-lightbox-slideshow=\"c2b1d06\" data-elementor-lightbox-title=\"Goran Mareti\u0107-Martini\" data-e-action-hash=\"#elementor-action%3Aaction%3Dlightbox%26settings%3DeyJpZCI6ODI3LCJ1cmwiOiJodHRwczpcL1wvd2lyZXN0cmFpdHMuY29tXC93cC1jb250ZW50XC91cGxvYWRzXC8yMDI1XC8wN1wvSU1HXzM2ODIud2VicCIsInNsaWRlc2hvdyI6ImMyYjFkMDYifQ%3D%3D\" href=\"https:\/\/wirestraits.com\/wp-content\/uploads\/2025\/07\/IMG_3682.webp\"><figure class=\"swiper-slide-inner\"><img decoding=\"async\" class=\"swiper-slide-image\" src=\"https:\/\/wirestraits.com\/wp-content\/uploads\/2025\/07\/IMG_3682.webp\" alt=\"Goran Mareti\u0107-Martini\" \/><\/figure><\/a><\/div><div class=\"swiper-slide\" role=\"group\" aria-roledescription=\"slide\" aria-label=\"5 od 6\"><a data-elementor-open-lightbox=\"yes\" data-elementor-lightbox-slideshow=\"c2b1d06\" data-elementor-lightbox-title=\"Goran Mareti\u0107-Martini\" data-e-action-hash=\"#elementor-action%3Aaction%3Dlightbox%26settings%3DeyJpZCI6MTY2NSwidXJsIjoiaHR0cHM6XC9cL3dpcmVzdHJhaXRzLmNvbVwvd3AtY29udGVudFwvdXBsb2Fkc1wvMjAyNVwvMDhcL0lNR18zOTk1LndlYnAiLCJzbGlkZXNob3ciOiJjMmIxZDA2In0%3D\" href=\"https:\/\/wirestraits.com\/wp-content\/uploads\/2025\/08\/IMG_3995.webp\"><figure class=\"swiper-slide-inner\"><img decoding=\"async\" class=\"swiper-slide-image\" src=\"https:\/\/wirestraits.com\/wp-content\/uploads\/2025\/08\/IMG_3995.webp\" alt=\"Goran Mareti\u0107-Martini\" \/><\/figure><\/a><\/div><div class=\"swiper-slide\" role=\"group\" aria-roledescription=\"slide\" aria-label=\"6 od 6\"><a data-elementor-open-lightbox=\"yes\" data-elementor-lightbox-slideshow=\"c2b1d06\" data-elementor-lightbox-title=\"Goran Mareti\u0107-Martini\" data-e-action-hash=\"#elementor-action%3Aaction%3Dlightbox%26settings%3DeyJpZCI6MTY2MSwidXJsIjoiaHR0cHM6XC9cL3dpcmVzdHJhaXRzLmNvbVwvd3AtY29udGVudFwvdXBsb2Fkc1wvMjAyNVwvMDhcL0lNR18zOTg0LndlYnAiLCJzbGlkZXNob3ciOiJjMmIxZDA2In0%3D\" href=\"https:\/\/wirestraits.com\/wp-content\/uploads\/2025\/08\/IMG_3984.webp\"><figure class=\"swiper-slide-inner\"><img decoding=\"async\" class=\"swiper-slide-image\" src=\"https:\/\/wirestraits.com\/wp-content\/uploads\/2025\/08\/IMG_3984.webp\" alt=\"Goran Mareti\u0107-Martini\" \/><\/figure><\/a><\/div>\t\t\t<\/div>\n\t\t\t\t\t\t\t\n\t\t\t\t\t\t\t\t\t<\/div>\n\t\t\t\t\t\t<\/div>\n\t\t\t\t<\/div>\n\t\t<div class=\"elementor-element elementor-element-4613d3d4 e-con-full e-flex e-con e-child\" data-id=\"4613d3d4\" data-element_type=\"container\" data-settings=\"{&quot;jet_parallax_layout_list&quot;:[]}\">\n\t\t\t\t<div class=\"elementor-element elementor-element-45708499 elementor-widget elementor-widget-text-editor\" data-id=\"45708499\" data-element_type=\"widget\" data-widget_type=\"text-editor.default\">\n\t\t\t\t\t\t\t\t\t<p>Kao i pozornice, i nakit je izra\u0111en od \u010deli\u010dne \u017eice, galvaniziran to jest rodiniran u vi\u0161e boja metala, od sjajno srebrne, zlatne, rozo zlatne do sjajne i tamne bakrene.<\/p>\n<p>Posebnost Stran\u0111ela je u osnovnim, a nekada i u specifi\u010dnim pozama, u pokretu tijela, u rafiniranoj i detaljnoj obradi i finituri, garantiraju\u0107i neponovljivosti i unikatnost svakog napravljenog primjerka.<\/p>\n\t\t\t\t\t\t\t\t<\/div>\n\t\t\t\t<div class=\"elementor-element elementor-element-837899c elementor-widget elementor-widget-text-editor\" data-id=\"837899c\" data-element_type=\"widget\" data-widget_type=\"text-editor.default\">\n\t\t\t\t\t\t\t\t\t<p>Od najsitnijih rin\u010dica, do bro\u0161eva i ogrlica u svim dimenzijama, Stran\u0111eli su rezultat tridesetgodi\u0161njeg iskustva rada u obradi metala, kao i istra\u017eivanju ljepote i elegancije pokreta tih malih damica, sa krilima ili bez, gdje svaka na svoj na\u010din, prvo u ma\u0161ti, a potom u radionici za\u017eivi pa \u201codleti\u201d u nove domove \u0161irom zemlje i svijeta, ba\u0161 kao i mini pozornice kakvih je Goran, kao bubnjar poznate zagreba\u010dke grupe I.T.D. Band pro\u0161ao zaista mnogo&#8230;<\/p>\n\t\t\t\t\t\t\t\t<\/div>\n\t\t\t\t<\/div>\n\t\t\t\t\t<\/div>\n\t\t\t\t<\/div>\n\t\t\t\t<\/div>\n\t\t","protected":false},"excerpt":{"rendered":"<p>Goran Mareti\u0107-Martini zagreba\u010dki je umjetnik, koji se ve\u0107 dugi niz godina, uz izradu minijaturnih glazbenih instrumenata i pozornica, bavi i izradom unikatnog nakita, te malih \u010dudnih an\u0111ela koje je prigodno nazvao \u201cStrAngels\u201d, prevedeno &#8211; StrAn\u0111eli. Mnogim su doma\u0107im i stranim zvijezdama manageri , ali i fanovi, naru\u010divali goranove minijature instrumenata i kompletnih pozornica. Neke od [&hellip;]<\/p>\n","protected":false},"author":1,"featured_media":0,"parent":0,"menu_order":4,"comment_status":"closed","ping_status":"closed","template":"","meta":{"footnotes":""},"class_list":["post-787","page","type-page","status-publish","hentry"],"_links":{"self":[{"href":"https:\/\/wirestraits.com\/hr\/wp-json\/wp\/v2\/pages\/787","targetHints":{"allow":["GET"]}}],"collection":[{"href":"https:\/\/wirestraits.com\/hr\/wp-json\/wp\/v2\/pages"}],"about":[{"href":"https:\/\/wirestraits.com\/hr\/wp-json\/wp\/v2\/types\/page"}],"author":[{"embeddable":true,"href":"https:\/\/wirestraits.com\/hr\/wp-json\/wp\/v2\/users\/1"}],"replies":[{"embeddable":true,"href":"https:\/\/wirestraits.com\/hr\/wp-json\/wp\/v2\/comments?post=787"}],"version-history":[{"count":18,"href":"https:\/\/wirestraits.com\/hr\/wp-json\/wp\/v2\/pages\/787\/revisions"}],"predecessor-version":[{"id":1930,"href":"https:\/\/wirestraits.com\/hr\/wp-json\/wp\/v2\/pages\/787\/revisions\/1930"}],"wp:attachment":[{"href":"https:\/\/wirestraits.com\/hr\/wp-json\/wp\/v2\/media?parent=787"}],"curies":[{"name":"wp","href":"https:\/\/api.w.org\/{rel}","templated":true}]}}