{"id":1624,"date":"2025-08-04T11:02:03","date_gmt":"2025-08-04T09:02:03","guid":{"rendered":"https:\/\/wirestraits.com\/product\/ogrlica-gitara-d-5cm\/"},"modified":"2025-08-21T18:21:54","modified_gmt":"2025-08-21T16:21:54","slug":"ogrlica-gitara-d-5cm","status":"publish","type":"product","link":"https:\/\/wirestraits.com\/hr\/proizvod\/ogrlica-gitara-d-5cm\/","title":{"rendered":"Ogrlica gitara, D 5cm"},"content":{"rendered":"<p>Dostupni najva\u017eniji brendovi gitara. Crna reguliraju\u0107a pamu\u010dna vezica ili \u010deli\u010dni lan\u010di\u0107.<\/p>\n","protected":false},"excerpt":{"rendered":"<p>Dostupni najva\u017eniji brendovi gitara.<\/p>\n","protected":false},"featured_media":1623,"template":"","meta":[],"product_brand":[],"product_cat":[46],"product_tag":[57,62],"class_list":{"0":"post-1624","1":"product","2":"type-product","3":"status-publish","4":"has-post-thumbnail","6":"product_cat-nakit","7":"product_tag-gitare","8":"product_tag-privjesci","10":"first","11":"instock","12":"shipping-taxable","13":"purchasable","14":"product-type-variable"},"_links":{"self":[{"href":"https:\/\/wirestraits.com\/hr\/wp-json\/wp\/v2\/product\/1624","targetHints":{"allow":["GET"]}}],"collection":[{"href":"https:\/\/wirestraits.com\/hr\/wp-json\/wp\/v2\/product"}],"about":[{"href":"https:\/\/wirestraits.com\/hr\/wp-json\/wp\/v2\/types\/product"}],"wp:featuredmedia":[{"embeddable":true,"href":"https:\/\/wirestraits.com\/hr\/wp-json\/wp\/v2\/media\/1623"}],"wp:attachment":[{"href":"https:\/\/wirestraits.com\/hr\/wp-json\/wp\/v2\/media?parent=1624"}],"wp:term":[{"taxonomy":"product_brand","embeddable":true,"href":"https:\/\/wirestraits.com\/hr\/wp-json\/wp\/v2\/product_brand?post=1624"},{"taxonomy":"product_cat","embeddable":true,"href":"https:\/\/wirestraits.com\/hr\/wp-json\/wp\/v2\/product_cat?post=1624"},{"taxonomy":"product_tag","embeddable":true,"href":"https:\/\/wirestraits.com\/hr\/wp-json\/wp\/v2\/product_tag?post=1624"}],"curies":[{"name":"wp","href":"https:\/\/api.w.org\/{rel}","templated":true}]}}